{"id":8139,"date":"2026-01-22T06:34:59","date_gmt":"2026-01-22T06:34:59","guid":{"rendered":"https:\/\/kikooko.travel\/?page_id=8139"},"modified":"2026-01-22T06:51:59","modified_gmt":"2026-01-22T06:51:59","slug":"anfrage-2","status":"publish","type":"page","link":"https:\/\/kikooko.travel\/de\/anfrage-2\/","title":{"rendered":"2026 Reisemesse-Gewinnspiel"},"content":{"rendered":"\t\t<div data-elementor-type=\"wp-page\" data-elementor-id=\"8139\" class=\"elementor elementor-8139 elementor-8138\" data-elementor-post-type=\"page\">\n\t\t\t\t<div class=\"elementor-element elementor-element-6ab942d e-flex e-con-boxed e-con e-parent\" data-id=\"6ab942d\" data-element_type=\"container\" data-settings=\"{&quot;background_background&quot;:&quot;classic&quot;}\">\n\t\t\t\t\t<div class=\"e-con-inner\">\n\t\t<div class=\"elementor-element elementor-element-4d2f0af e-con-full e-flex elementor-invisible e-con e-child\" data-id=\"4d2f0af\" data-element_type=\"container\" data-settings=\"{&quot;animation&quot;:&quot;fadeInUp&quot;,&quot;animation_delay&quot;:100}\">\n\t\t\t\t<div class=\"elementor-element elementor-element-789742b elementor-widget__width-initial animated-fast e-transform elementor-hidden-mobile elementor-widget-divider--view-line elementor-invisible elementor-widget elementor-widget-divider\" data-id=\"789742b\" data-element_type=\"widget\" data-settings=\"{&quot;_animation&quot;:&quot;fadeIn&quot;,&quot;_animation_delay&quot;:900,&quot;_transform_scale_effect_laptop&quot;:{&quot;unit&quot;:&quot;px&quot;,&quot;size&quot;:0.7,&quot;sizes&quot;:[]},&quot;_transform_scale_effect_tablet&quot;:{&quot;unit&quot;:&quot;px&quot;,&quot;size&quot;:0.5,&quot;sizes&quot;:[]},&quot;_transform_scale_effect&quot;:{&quot;unit&quot;:&quot;px&quot;,&quot;size&quot;:&quot;&quot;,&quot;sizes&quot;:[]},&quot;_transform_scale_effect_mobile&quot;:{&quot;unit&quot;:&quot;px&quot;,&quot;size&quot;:&quot;&quot;,&quot;sizes&quot;:[]}}\" data-widget_type=\"divider.default\">\n\t\t\t\t<div class=\"elementor-widget-container\">\n\t\t\t\t\t\t\t<div class=\"elementor-divider\">\n\t\t\t<span class=\"elementor-divider-separator\">\n\t\t\t\t\t\t<\/span>\n\t\t<\/div>\n\t\t\t\t\t\t<\/div>\n\t\t\t\t<\/div>\n\t\t\t\t<div class=\"elementor-element elementor-element-efa417b elementor-widget elementor-widget-heading\" data-id=\"efa417b\" data-element_type=\"widget\" data-widget_type=\"heading.default\">\n\t\t\t\t<div class=\"elementor-widget-container\">\n\t\t\t\t\t<h1 class=\"elementor-heading-title elementor-size-default\">2026 Reisemesse-Gewinnspiel<\/h1>\t\t\t\t<\/div>\n\t\t\t\t<\/div>\n\t\t\t\t<\/div>\n\t\t\t\t\t<\/div>\n\t\t\t\t<\/div>\n\t\t<div class=\"elementor-element elementor-element-95c8f65 e-flex e-con-boxed e-con e-parent\" data-id=\"95c8f65\" data-element_type=\"container\" data-settings=\"{&quot;background_background&quot;:&quot;classic&quot;}\">\n\t\t\t\t\t<div class=\"e-con-inner\">\n\t\t<div class=\"elementor-element elementor-element-b7f946e e-con-full e-flex e-con e-child\" data-id=\"b7f946e\" data-element_type=\"container\">\n\t\t<div class=\"elementor-element elementor-element-fc603c8 e-con-full e-flex elementor-invisible e-con e-child\" data-id=\"fc603c8\" data-element_type=\"container\" data-settings=\"{&quot;animation&quot;:&quot;fadeInUp&quot;,&quot;animation_delay&quot;:150}\">\n\t\t\t\t<div class=\"elementor-element elementor-element-aa4df7c elementor-widget elementor-widget-image\" data-id=\"aa4df7c\" data-element_type=\"widget\" data-widget_type=\"image.default\">\n\t\t\t\t<div class=\"elementor-widget-container\">\n\t\t\t\t\t\t\t\t\t\t\t\t\t\t\t<img fetchpriority=\"high\" decoding=\"async\" width=\"1024\" height=\"576\" src=\"https:\/\/kikooko.travel\/wp-content\/uploads\/2025\/09\/2-0-1024x576-1.jpg\" class=\"attachment-large size-large wp-image-6942\" alt=\"\" srcset=\"https:\/\/kikooko.travel\/wp-content\/uploads\/2025\/09\/2-0-1024x576-1.jpg 1024w, https:\/\/kikooko.travel\/wp-content\/uploads\/2025\/09\/2-0-1024x576-1-300x169.jpg 300w, https:\/\/kikooko.travel\/wp-content\/uploads\/2025\/09\/2-0-1024x576-1-768x432.jpg 768w\" sizes=\"(max-width: 1024px) 100vw, 1024px\" \/>\t\t\t\t\t\t\t\t\t\t\t\t\t\t\t<\/div>\n\t\t\t\t<\/div>\n\t\t\t\t<\/div>\n\t\t<div class=\"elementor-element elementor-element-fc1e215 e-con-full e-flex e-con e-child\" data-id=\"fc1e215\" data-element_type=\"container\">\n\t\t\t\t<div class=\"elementor-element elementor-element-1888309 elementor-invisible elementor-widget elementor-widget-heading\" data-id=\"1888309\" data-element_type=\"widget\" data-settings=\"{&quot;_animation&quot;:&quot;fadeInUp&quot;,&quot;_animation_delay&quot;:300}\" data-widget_type=\"heading.default\">\n\t\t\t\t<div class=\"elementor-widget-container\">\n\t\t\t\t\t<h2 class=\"elementor-heading-title elementor-size-default\">Was Sie gewinnen k\u00f6nnen<\/h2>\t\t\t\t<\/div>\n\t\t\t\t<\/div>\n\t\t\t\t<div class=\"elementor-element elementor-element-aebec89 elementor-widget-tablet__width-initial elementor-widget__width-initial elementor-invisible elementor-widget elementor-widget-text-editor\" data-id=\"aebec89\" data-element_type=\"widget\" data-settings=\"{&quot;_animation&quot;:&quot;fadeInUp&quot;,&quot;_animation_delay&quot;:350}\" data-widget_type=\"text-editor.default\">\n\t\t\t\t<div class=\"elementor-widget-container\">\n\t\t\t\t\t\t\t\t\t<p><strong>Hauptpreis<\/strong><\/p><p><span style=\"font-weight: 400;\"><span style=\"text-decoration: underline;\">Ein magischer Urlaub auf Sansibar<\/span> &#8211; 3 \u00dcbernachtungen in einem Luxusresort f\u00fcr 2 Personen, einschlie\u00dflich Hin- und R\u00fcckflug aus Ruanda, Uganda oder Tansania<\/span><\/p><p><strong>2. Platz<\/strong><\/p><p><span style=\"font-weight: 400;\"><span style=\"text-decoration: underline;\">Eine Genehmigung f\u00fcr Berggorillas<\/span> &#8211; Verbringen Sie eine Stunde mit den majest\u00e4tischen Berggorillas im Bwindi Impenetrable National Park.<\/span><\/p><p><strong>3. Platz<\/strong><\/p><p><span style=\"font-weight: 400;\"><span style=\"text-decoration: underline;\">Eine Genehmigung f\u00fcr einen Schimpansen <\/span>&#8211; Verbringen Sie 1 Stunde damit, Schimpansen im Kibale-Nationalpark zu beobachten.<\/span><\/p>\t\t\t\t\t\t\t\t<\/div>\n\t\t\t\t<\/div>\n\t\t\t\t<\/div>\n\t\t\t\t<\/div>\n\t\t\t\t\t<\/div>\n\t\t\t\t<\/div>\n\t\t<div class=\"elementor-element elementor-element-d349a4c e-flex e-con-boxed e-con e-parent\" data-id=\"d349a4c\" data-element_type=\"container\">\n\t\t\t\t\t<div class=\"e-con-inner\">\n\t\t<div class=\"elementor-element elementor-element-c2a2794 e-con-full e-flex e-con e-child\" data-id=\"c2a2794\" data-element_type=\"container\" data-settings=\"{&quot;background_background&quot;:&quot;classic&quot;}\">\n\t\t<div class=\"elementor-element elementor-element-fecc5fd e-con-full e-flex e-con e-child\" data-id=\"fecc5fd\" data-element_type=\"container\">\n\t\t\t\t<div class=\"elementor-element elementor-element-7656469 elementor-invisible elementor-widget elementor-widget-heading\" data-id=\"7656469\" data-element_type=\"widget\" data-settings=\"{&quot;_animation&quot;:&quot;fadeInUp&quot;,&quot;_animation_delay&quot;:150}\" data-widget_type=\"heading.default\">\n\t\t\t\t<div class=\"elementor-widget-container\">\n\t\t\t\t\t<h2 class=\"elementor-heading-title elementor-size-default\">Hier eintreten<\/h2>\t\t\t\t<\/div>\n\t\t\t\t<\/div>\n\t\t\t\t<div class=\"elementor-element elementor-element-0bd75c5 elementor-widget elementor-widget-html\" data-id=\"0bd75c5\" data-element_type=\"widget\" data-widget_type=\"html.default\">\n\t\t\t\t<div class=\"elementor-widget-container\">\n\t\t\t\t\t<iframe data-tally-src=\"https:\/\/tally.so\/embed\/9qZBR5?alignLeft=1&amp;hideTitle=1&amp;transparentBackground=1&amp;dynamicHeight=1\" loading=\"lazy\" width=\"100%\" height=\"901\" frameborder=\"0\" marginheight=\"0\" marginwidth=\"0\" title=\"2026 Kikooko Travel Fair Wettbewerb\"><\/iframe>\n<script>var d=document,w=\"https:\/\/tally.so\/widgets\/embed.js\",v=function(){\"undefined\"!=typeof Tally?Tally.loadEmbeds():d.querySelectorAll(\"iframe[data-tally-src]:not([src])\").forEach((function(e){e.src=e.dataset.tallySrc}))};if(\"undefined\"!=typeof Tally)v();else if(d.querySelector('script[src=\"'+w+'\"]')==null){var s=d.createElement(\"script\");s.src=w,s.onload=v,s.onerror=v,d.body.appendChild(s);}<\/script>\t\t\t\t<\/div>\n\t\t\t\t<\/div>\n\t\t\t\t<div class=\"elementor-element elementor-element-e33585c elementor-widget elementor-widget-text-editor\" data-id=\"e33585c\" data-element_type=\"widget\" data-widget_type=\"text-editor.default\">\n\t\t\t\t<div class=\"elementor-widget-container\">\n\t\t\t\t\t\t\t\t\t<p><strong>Teilnahmebedingungen und Teilnahmeberechtigung f\u00fcr das Gewinnspiel \u201eKikooko Africa Safaris Travel Giveaway\u201c<\/strong><\/p><table><tbody><tr><td><p>Teilnahmeberechtigung:<\/p><ul><li><span style=\"font-weight: 400;\">Die Teilnehmer m\u00fcssen zum Zeitpunkt der Einreichung mindestens 18 Jahre alt sein.<\/span><\/li><li><span style=\"font-weight: 400;\">Rechtsmittel gegen den Wettbewerb oder dessen Ergebnisse sind nicht zul\u00e4ssig.<\/span><\/li><li><span style=\"font-weight: 400;\">Die Preise sind nicht umtauschbar und k\u00f6nnen nicht gegen Bargeld eingel\u00f6st werden.<\/span><\/li><li><span style=\"font-weight: 400;\">Es wird keine Korrespondenz bez\u00fcglich des Wettbewerbs oder der Verlosung gef\u00fchrt.<\/span><\/li><li><span style=\"font-weight: 400;\">Mehrfachteilnahmen an derselben Verlosung sind nicht zul\u00e4ssig. <\/span><\/li><li><span style=\"font-weight: 400;\">Jede Person darf nur einmal pro Wettbewerb teilnehmen.<\/span><\/li><\/ul><\/td><\/tr><tr><td><p>Preise:<\/p><ul><li><span style=\"font-weight: 400;\">Das Gewinnspiel umfasst zwei Sets mit jeweils drei verschiedenen Preisen: einen Urlaub auf Sansibar (3 \u00dcbernachtungen f\u00fcr 2 Personen in einem Luxushotel, inklusive Hin- und R\u00fcckflug aus Uganda oder Ruanda), eine Gorilla-Genehmigung und eine Schimpansen-Genehmigung.<\/span><\/li><li>Die Preise werden in Verbindung mit gebuchten Reisen mit Kikooko Africa Safaris mit einer Mindestdauer von 7 Tagen vergeben.<\/li><\/ul><\/td><\/tr><tr><td><p>Einl\u00f6sung des Preises:<\/p><ul><li><span style=\"font-weight: 400;\">Die Gewinner m\u00fcssen ihre Preise bis sp\u00e4testens 31. Dezember 2027 durch Antritt der Reise einl\u00f6sen.<\/span><\/li><\/ul><\/td><\/tr><tr><td><p>Datum der Verlosung:<\/p><ul><li><span style=\"font-weight: 400;\">Die Verlosung findet am 3. Februar 2026 nach Abschluss beider Schweizer Reisemessen statt.<\/span><\/li><li><span style=\"font-weight: 400;\">Die Gewinner werden \u00fcber die in ihrem Teilnahmeformular angegebene E-Mail-Adresse benachrichtigt.<\/span><\/li><\/ul><\/td><\/tr><tr><td><p>\u00dcbertragbarkeit:<\/p><ul><li><span style=\"font-weight: 400;\">Die Gewinner k\u00f6nnen ihren Preis auf eine andere Person \u00fcbertragen. F\u00fcr den \u00dcbertragungsempf\u00e4nger gelten jedoch dieselben Regeln: Er muss \u00fcber 18 Jahre alt sein, seinen Wohnsitz in der Schweiz haben, die Mindestreisezeit einhalten und bis zum angegebenen Datum reisen. <\/span><\/li><li><span style=\"font-weight: 400;\">Diese \u00dcbertragung muss in einer E-Mail an info@kikooko.travel dokumentiert werden, einschlie\u00dflich der Angaben zum urspr\u00fcnglichen Gewinner und zum \u00dcbertragungsempf\u00e4nger.<\/span><\/li><\/ul><\/td><\/tr><tr><td><p>Zus\u00e4tzliche Anmerkungen:<\/p><ul><li><span style=\"font-weight: 400;\">Mit der Teilnahme am Wettbewerb erkl\u00e4ren sich die Teilnehmer mit diesen Regeln und allen Entscheidungen von Kikooko Africa Safaris einverstanden.<\/span><\/li><li><span style=\"font-weight: 400;\">Kikooko Africa Safaris beh\u00e4lt sich das Recht vor, den Wettbewerb jederzeit zu \u00e4ndern oder zu beenden.<\/span><\/li><li><span style=\"font-weight: 400;\">Alle Steuern oder zus\u00e4tzlichen Geb\u00fchren im Zusammenhang mit den Preisen gehen ausschlie\u00dflich zu Lasten des Gewinners.<\/span><\/li><li><span style=\"font-weight: 400;\">Mitarbeiter und unmittelbare Familienangeh\u00f6rige von Kikooko Africa Safaris sind von der Teilnahme am Gewinnspiel ausgeschlossen.<\/span><\/li><li><span style=\"font-weight: 400;\">Die Teilnahme setzt die Zustimmung zu diesen Regeln voraus. Bei Fragen oder Unklarheiten wenden Sie sich bitte an Kikooko Africa Safaris unter info@kikooko.travel. <\/span><\/li><\/ul><\/td><\/tr><tr><td><p>Informationen zum Veranstalter:<\/p><ul><li><span style=\"font-weight: 400;\">Der Wettbewerb wird von Kikooko Africa Safaris, LTD. organisiert. Das Unternehmen ist f\u00fcr die Vergabe der Preise wie beschrieben verantwortlich. <\/span><\/li><li><span style=\"font-weight: 400;\">Der Wettbewerb steht allen nat\u00fcrlichen Personen mit Wohnsitz in der Schweiz offen, die mindestens 18 Jahre alt und gesch\u00e4ftsf\u00e4hig sind. Mitarbeiter von Kikooko Africa Safaris sind von der Teilnahme ausgeschlossen. <\/span><\/li><li><span style=\"font-weight: 400;\">Die Teilnahme ist kostenlos. Der Abschluss eines Vertrags ist f\u00fcr die Teilnahme nicht erforderlich und hat keinen Einfluss auf die Gewinnchancen. <\/span><\/li><li><span style=\"font-weight: 400;\">Einsendeschluss ist der 2. Februar 2026 um 23:59 Uhr GMT +1.<\/span><\/li><li><span style=\"font-weight: 400;\">Der Rechtsanspruch auf den Preis ist ausgeschlossen. Es erfolgt keine Barauszahlung. Die Richtigkeit der Daten der Teilnehmer kann bei der Vergabe des Preises \u00fcberpr\u00fcft werden. Kikooko Africa Safaris und ihre Agenturen haften nicht f\u00fcr die Nichtvergabe des Preises aufgrund von Faktoren, die au\u00dferhalb ihrer Kontrolle liegen, einschlie\u00dflich unvollst\u00e4ndiger oder falscher Angaben zum Gewinner.   <\/span><\/li><\/ul><\/td><\/tr><\/tbody><\/table>\t\t\t\t\t\t\t\t<\/div>\n\t\t\t\t<\/div>\n\t\t\t\t<\/div>\n\t\t\t\t<\/div>\n\t\t\t\t\t<\/div>\n\t\t\t\t<\/div>\n\t\t\t\t<\/div>\n\t\t","protected":false},"excerpt":{"rendered":"<p>2026 Reisemesse-Gewinnspiel Was Sie gewinnen k\u00f6nnen Hauptpreis Ein magischer Urlaub auf Sansibar &#8211; 3 \u00dcbernachtungen in einem Luxusresort f\u00fcr 2 [&hellip;]<\/p>\n","protected":false},"author":2,"featured_media":0,"parent":0,"menu_order":0,"comment_status":"closed","ping_status":"closed","template":"elementor_header_footer","meta":{"_acf_changed":false,"site-sidebar-layout":"no-sidebar","site-content-layout":"","ast-site-content-layout":"full-width-container","site-content-style":"default","site-sidebar-style":"default","ast-global-header-display":"","ast-banner-title-visibility":"","ast-main-header-display":"","ast-hfb-above-header-display":"","ast-hfb-below-header-display":"","ast-hfb-mobile-header-display":"","site-post-title":"disabled","ast-breadcrumbs-content":"","ast-featured-img":"disabled","footer-sml-layout":"","theme-transparent-header-meta":"default","adv-header-id-meta":"","stick-header-meta":"","header-above-stick-meta":"","header-main-stick-meta":"","header-below-stick-meta":"","astra-migrate-meta-layouts":"default","ast-page-background-enabled":"default","ast-page-background-meta":{"desktop":{"background-color":"var(--ast-global-color-5)","background-image":"","background-repeat":"repeat","background-position":"center center","background-size":"auto","background-attachment":"scroll","background-type":"","background-media":"","overlay-type":"","overlay-color":"","overlay-opacity":"","overlay-gradient":""},"tablet":{"background-color":"","background-image":"","background-repeat":"repeat","background-position":"center center","background-size":"auto","background-attachment":"scroll","background-type":"","background-media":"","overlay-type":"","overlay-color":"","overlay-opacity":"","overlay-gradient":""},"mobile":{"background-color":"","background-image":"","background-repeat":"repeat","background-position":"center center","background-size":"auto","background-attachment":"scroll","background-type":"","background-media":"","overlay-type":"","overlay-color":"","overlay-opacity":"","overlay-gradient":""}},"ast-content-background-meta":{"desktop":{"background-color":"var(--ast-global-color-4)","background-image":"","background-repeat":"repeat","background-position":"center center","background-size":"auto","background-attachment":"scroll","background-type":"","background-media":"","overlay-type":"","overlay-color":"","overlay-opacity":"","overlay-gradient":""},"tablet":{"background-color":"var(--ast-global-color-4)","background-image":"","background-repeat":"repeat","background-position":"center center","background-size":"auto","background-attachment":"scroll","background-type":"","background-media":"","overlay-type":"","overlay-color":"","overlay-opacity":"","overlay-gradient":""},"mobile":{"background-color":"var(--ast-global-color-4)","background-image":"","background-repeat":"repeat","background-position":"center center","background-size":"auto","background-attachment":"scroll","background-type":"","background-media":"","overlay-type":"","overlay-color":"","overlay-opacity":"","overlay-gradient":""}},"footnotes":""},"class_list":["post-8139","page","type-page","status-publish","hentry"],"acf":[],"_links":{"self":[{"href":"https:\/\/kikooko.travel\/de\/wp-json\/wp\/v2\/pages\/8139","targetHints":{"allow":["GET"]}}],"collection":[{"href":"https:\/\/kikooko.travel\/de\/wp-json\/wp\/v2\/pages"}],"about":[{"href":"https:\/\/kikooko.travel\/de\/wp-json\/wp\/v2\/types\/page"}],"author":[{"embeddable":true,"href":"https:\/\/kikooko.travel\/de\/wp-json\/wp\/v2\/users\/2"}],"replies":[{"embeddable":true,"href":"https:\/\/kikooko.travel\/de\/wp-json\/wp\/v2\/comments?post=8139"}],"version-history":[{"count":4,"href":"https:\/\/kikooko.travel\/de\/wp-json\/wp\/v2\/pages\/8139\/revisions"}],"predecessor-version":[{"id":8147,"href":"https:\/\/kikooko.travel\/de\/wp-json\/wp\/v2\/pages\/8139\/revisions\/8147"}],"wp:attachment":[{"href":"https:\/\/kikooko.travel\/de\/wp-json\/wp\/v2\/media?parent=8139"}],"curies":[{"name":"wp","href":"https:\/\/api.w.org\/{rel}","templated":true}]}}